{"id":59,"date":"2016-11-20T18:06:57","date_gmt":"2016-11-20T18:06:57","guid":{"rendered":"http:\/\/mgunberlin.com\/?page_id=59"},"modified":"2018-08-21T16:43:00","modified_gmt":"2018-08-21T16:43:00","slug":"imprint","status":"publish","type":"page","link":"http:\/\/mgunberlin.com\/?page_id=59","title":{"rendered":"Imprint"},"content":{"rendered":"<h2 id=\"yui_3_17_2_1_1480691422282_227\">Responsible for this web site is \/ Verantwortlich f\u00fcr diesen Webauftritt ist<\/h2>\n<p><strong><br \/>\nMGUN-MARKETING<\/strong><br \/>\nMaria Ursula G\u00fcnther<br \/>\nChausseestra\u00dfe 5<br \/>\n10115 Berlin<br \/>\nGermany<\/p>\n<p>www.mgun-marketing.com<\/p>\n<p><strong>Telefon:\u00a0<\/strong><em>+49 176 32211423<\/em><br \/>\n<strong>E-Mail:\u00a0<\/strong><em>info (at) mgun-marketing.com<\/em><\/p>\n<p><strong>Gesch\u00e4ftsf\u00fchrer \/ CEO:<\/strong><br \/>\nMaria Ursula G\u00fcnther<\/p>\n<h2>HAFTUNGSAUSSCHLUSS<\/h2>\n<p>Die auf dieser Site angegebenen, externen Links f\u00fchren zu fremden Seiten. Nach dem Anklicken des Links geraten Sie automatisch auf die fremde Seite. Aus rechtlichen Gr\u00fcnden weisen wir Sie darauf hin, dass wir keinerlei Einfluss auf Inhalt und Gestaltung der verlinkten Websites haben. Meinungen, Darstellungen oder \u00c4u\u00dferungen jedweder Art auf den verlinkten Seiten stellen nicht unsere, sondern die des jeweiligen Inhabers der verlinkten Website dar.<\/p>\n<h2><\/h2>\n","protected":false},"excerpt":{"rendered":"<p>Responsible for this web site is \/ Verantwortlich f\u00fcr diesen Webauftritt ist MGUN-MARKETING Maria Ursula G\u00fcnther Chausseestra\u00dfe 5 10115 Berlin Germany www.mgun-marketing.com Telefon:\u00a0+49 176 32211423 E-Mail:\u00a0info (at) mgun-marketing.com Gesch\u00e4ftsf\u00fchrer \/&hellip;<\/p>\n","protected":false},"author":1,"featured_media":0,"parent":0,"menu_order":0,"comment_status":"closed","ping_status":"closed","template":"","meta":[],"_links":{"self":[{"href":"http:\/\/mgunberlin.com\/index.php?rest_route=\/wp\/v2\/pages\/59"}],"collection":[{"href":"http:\/\/mgunberlin.com\/index.php?rest_route=\/wp\/v2\/pages"}],"about":[{"href":"http:\/\/mgunberlin.com\/index.php?rest_route=\/wp\/v2\/types\/page"}],"author":[{"embeddable":true,"href":"http:\/\/mgunberlin.com\/index.php?rest_route=\/wp\/v2\/users\/1"}],"replies":[{"embeddable":true,"href":"http:\/\/mgunberlin.com\/index.php?rest_route=%2Fwp%2Fv2%2Fcomments&post=59"}],"version-history":[{"count":3,"href":"http:\/\/mgunberlin.com\/index.php?rest_route=\/wp\/v2\/pages\/59\/revisions"}],"predecessor-version":[{"id":195,"href":"http:\/\/mgunberlin.com\/index.php?rest_route=\/wp\/v2\/pages\/59\/revisions\/195"}],"wp:attachment":[{"href":"http:\/\/mgunberlin.com\/index.php?rest_route=%2Fwp%2Fv2%2Fmedia&parent=59"}],"curies":[{"name":"wp","href":"https:\/\/api.w.org\/{rel}","templated":true}]}}